{"id":739,"date":"2022-08-27T12:52:09","date_gmt":"2022-08-27T11:52:09","guid":{"rendered":"https:\/\/www.tumaini-projekte.de\/?page_id=739"},"modified":"2025-04-28T20:00:18","modified_gmt":"2025-04-28T19:00:18","slug":"datenschutzerklaerung","status":"publish","type":"page","link":"https:\/\/www.tumaini-projekte.de\/?page_id=739","title":{"rendered":"Datenschutzerkl\u00e4rung"},"content":{"rendered":"<h2>Datenschutz &#8211; Allgemeine Hinweise<\/h2>\r\n<p>Nachfolgend m\u00f6chten wir Sie \u00fcber die Art, den Umfang und die Zwecke der Erhebung und Verwendung Ihrer personenbezogenen Daten auf unserer Webseite informieren. Wir behandeln personenbezogene Daten gem\u00e4\u00df dieser Datenschutzerkl\u00e4rung und der gesetzlichen Vorschriften grunds\u00e4tzlich vertraulich. Den Schutz Ihrer pers\u00f6nlichen Daten nehmen wir sehr ernst. Wenn Sie unsere Website benutzen, werden verschiedene personenbezogene Daten erhoben. Personenbezogene Daten sind Daten, mit denen Sie pers\u00f6nlich identifiziert werden k\u00f6nnen. Die vorliegende Datenschutzerkl\u00e4rung erl\u00e4utert, welche Daten wir erheben und wof\u00fcr wir diese nutzen. Sie erl\u00e4utert auch, wie und zu welchem Zweck das geschieht. Eine Daten\u00fcbertragung im Internet kann, z.B. bei E-Mail-Kommunikation Sicherheitsl\u00fccken aufweisen Wir m\u00f6chten Sie darauf hinweisen, dass ein l\u00fcckenloser Schutz der Daten vor dem Zugriff durch Dritte nicht m\u00f6glich ist.<\/p>\r\n<h3>Datenerfassung auf unserer Website<\/h3>\r\n<p>Wer ist verantwortlich f\u00fcr die Datenerfassung auf dieser Website?<\/p>\r\n<ul>\r\n<li>\r\n<p>Verein Freunde und F\u00f6rderer Tumaini-Projekte f\u00fcr Tansania e.V.,<br \/>Lilienthalstra\u00dfe 10, D-85296 Rohrbach<br \/>Telefon: +49 8442 96 39 188<br \/>Fax: +49 8442 96 39 20<br \/>E-Mail: info@tumaini-projekte.de<\/p>\r\n<p>Bankverbindung;<br \/>Sparkasse Pfaffenhofen<br \/>IBAN: DE43 7215 1650 0009 1993 81<\/p>\r\n<p>Vorstand: Elena Bauer, Lilienthalstra\u00dfe 10, D-85296 Rohrbach<\/p>\r\n<p>Registergericht: Pfaffenhofen a.d. Ilm<br \/>Registernummer: VR200566<\/p>\r\n<p>Inhaltlich verantwortlich: Der Vorstand i. S. d. \u00a7 26 BGB<\/p>\r\n<\/li>\r\n<\/ul>\r\n<p>Unsere in Anspruch genommenen Hosting-Leistungen, um den Betrieb der Homepage sicherzustellen, umfassen folgende Leistungen der Fa. <a href=\"https:\/\/www.strato.de\/impressum\">Strato GmbH<\/a> (Provider):<\/p>\r\n<ul>\r\n<li>Plattformdienstleistungen,<\/li>\r\n<li>Webspace,<\/li>\r\n<li>Datenbank,<\/li>\r\n<li>technische Wartung.<\/li>\r\n<\/ul>\r\n<h3>Welche Daten werden erfasst und wie?<\/h3>\r\n<h4>Server-Log-Dateien<\/h4>\r\n<p>Der Provider der Seiten (<a href=\"https:\/\/www.strato.de\/datenschutz\/\">Strato GmbH<\/a>) erhebt und speichert automatisch Informationen in so genannten Server-Log-Dateien, die Ihr Browser automatisch \u00fcbermittelt. Dies sind:<\/p>\r\n<ul>\r\n<li>Browsertyp und Browserversion<\/li>\r\n<li>verwendetes Betriebssystem<\/li>\r\n<li>Referrer URL<\/li>\r\n<li>Hostname des zugreifenden Rechners<\/li>\r\n<li>Uhrzeit der Serveranfrage<\/li>\r\n<li>IP-Adresse<\/li>\r\n<\/ul>\r\n<p>Diese werden ben\u00f6tigt, um Angriffe, einen fehlerhaften Code oder allgemeine Fehler zu identifizieren und werden nach vier Wochen vom Webserver automatisch gel\u00f6scht. Eine Zusammenf\u00fchrung dieser Daten mit anderen Datenquellen findet nicht statt. Grundlage f\u00fcr die Datenverarbeitung ist Art. 6 Abs. 1, b DSGVO, der die Verarbeitung von Daten zur Erf\u00fcllung eines Vertrags oder vorvertraglicher Ma\u00dfnahmen gestattet.<\/p>\r\n<h4>Cookies<\/h4>\r\n<p>Die Internetseiten verwenden so genannte Cookies. Cookies richten auf Ihrem Rechner keinen Schaden an und enthalten keine Viren. Cookies dienen dazu, unser Angebot nutzerfreundlicher, effektiver und sicherer zu machen. Cookies sind kleine Textdateien, die auf Ihrem Rechner abgelegt werden und die Ihr Browser speichert.<\/p>\r\n<p>Die meisten der von uns verwendeten Cookies sind so genannte \u201cSession-Cookies\u201d. Sie werden nach Ende Ihres Besuchs automatisch gel\u00f6scht. Andere Cookies bleiben auf Ihrem Endger\u00e4t gespeichert bis Sie diese l\u00f6schen. Diese Cookies erm\u00f6glichen es uns, Ihren Browser beim n\u00e4chsten Besuch wiederzuerkennen.<\/p>\r\n<p>Sie k\u00f6nnen Ihren Browser so einstellen, dass Sie \u00fcber das Setzen von Cookies informiert werden und Cookies nur im Einzelfall erlauben, die Annahme von Cookies f\u00fcr bestimmte F\u00e4lle oder generell ausschlie\u00dfen sowie das automatische L\u00f6schen der Cookies beim Schlie\u00dfen des Browsers aktivieren. Bei der Deaktivierung von Cookies kann die Funktionalit\u00e4t dieser Website eingeschr\u00e4nkt sein. Cookies, die zur Durchf\u00fchrung des elektronischen Kommunikationsvorgangs oder zur Bereitstellung bestimmter, von Ihnen erw\u00fcnschter Funktionen (z.B. Warenkorbfunktion) erforderlich sind, werden auf Grundlage von Art. 6 Abs. 1, f DSGVO gespeichert. Der Websitebetreiber hat ein berechtigtes Interesse an der Speicherung von Cookies zur technisch fehlerfreien und optimierten Bereitstellung seiner Dienste.<\/p>\r\n<h4>Wof\u00fcr werden erhobene Daten genutzt?<\/h4>\r\n<p>Ein Teil der Daten wird erhoben, um eine fehlerfreie Bereitstellung der Website zu gew\u00e4hrleisten. Andere Daten k\u00f6nnen zur Analyse des Nutzerverhaltens verwendet werden.<\/p>\r\n<h4>Analyse-Tools und Tools von Drittanbietern<\/h4>\r\n<p>Wir verwenden keine Analyse-Tools und Tools von Drittanbietern.<\/p>\r\n<h4>Kontaktformular<\/h4>\r\n<p>Wir verarbeiten Daten (z. B. Namen und Adressen sowie Kontaktdaten von Nutzern), die in den Kontaktformularen erhoben werden, um vertraglichen Verpflichtungen und Serviceleistungen nachzukommen. Sie werden zwecks Erf\u00fcllung unserer vertraglichen Verpflichtungen gem. Art. 6 Abs. 1 DSGVO verarbeitet.<\/p>\r\n<h3>Auskunft, Sperrung, L\u00f6schung<\/h3>\r\n<p>Sie haben jederzeit das Recht unentgeltlich Auskunft \u00fcber Herkunft, Empf\u00e4nger und Zweck Ihrer gespeicherten personenbezogenen Daten zu erhalten. Sie haben au\u00dferdem das Recht, die Berichtigung, Sperrung oder L\u00f6schung Ihrer Daten zu verlangen. Des Weiteren steht Ihnen ein Beschwerderecht bei der zust\u00e4ndigen Aufsichtsbeh\u00f6rde zu.<\/p>\r\n<h3>Widerruf Ihrer Einwilligung zur Datenverarbeitung<\/h3>\r\n<p>Viele Datenverarbeitungsvorg\u00e4nge sind nur mit Ihrer ausdr\u00fccklichen Einwilligung m\u00f6glich. Sie k\u00f6nnen eine bereits erteilte Einwilligung jederzeit widerrufen. Dazu reicht eine formlose Mitteilung per E-Mail an uns. Die Rechtm\u00e4\u00dfigkeit der bis zum Widerruf erfolgten Datenverarbeitung bleibt vom Widerruf unber\u00fchrt.<\/p>\r\n<h3>Ver\u00f6ffentlichung von Daten und Fotos auf der Homepage<\/h3>\r\n<p>Auf unserer Webseite werden Daten und Fotos der F\u00f6rderprojekte als Nachweis der F\u00f6rderaktivit\u00e4ten publiziert.<\/p>\r\n<h3>Beschwerderecht bei der zust\u00e4ndigen Aufsichtsbeh\u00f6rde<\/h3>\r\n<p>Im Falle datenschutzrechtlicher Verst\u00f6\u00dfe steht dem Betroffenen ein Beschwerderecht bei der zust\u00e4ndigen Aufsichtsbeh\u00f6rde zu. Die Beschwerde kann \u00fcber den Link <a href=\"https:\/\/www.lda.bayern.de\/de\/beschwerde.html\">https:\/\/www.lda.bayern.de\/de\/beschwerde.html<\/a> an die zust\u00e4ndigen Landesdatenschutzbeauftragten der Aufsichtsbeh\u00f6rde in Bayern erfolgen.<\/p>\r\n<h3>Recht auf Daten\u00fcbertragbarkeit<\/h3>\r\n<p>Sie haben das Recht, Daten, die wir auf Grundlage Ihrer Einwilligung oder in Erf\u00fcllung eines Vertrags automatisiert verarbeiten, an sich oder an einen Dritten in einem g\u00e4ngigen, maschinenlesbaren Format aush\u00e4ndigen zu lassen. Sofern Sie die direkte \u00dcbertragung der Daten an einen anderen Verantwortlichen verlangen, erfolgt dies nur, soweit es technisch machbar ist.<\/p>\r\n<h3>SSL- bzw. TLS-Verschl\u00fcsselung<\/h3>\r\n<p>Diese Seite nutzt aus Sicherheitsgr\u00fcnden und zum Schutz der \u00dcbertragung vertraulicher Inhalte, wie zum Beispiel Bestellungen oder Anfragen, die Sie an uns als Seitenbetreiber senden, eine SSL-bzw. TLS-Verschl\u00fcsselung. Eine verschl\u00fcsselte Verbindung erkennen Sie daran, dass die Adresszeile des Browsers von \u201chttp:\/\/\u201d auf \u201chttps:\/\/\u201d wechselt und an dem Schloss-Symbol in Ihrer Browserzeile. Wenn die SSL- bzw. TLS-Verschl\u00fcsselung aktiviert ist, k\u00f6nnen die Daten, die Sie an uns \u00fcbermitteln, nicht von Dritten mitgelesen werden.<\/p>\r\n","protected":false},"excerpt":{"rendered":"<p>Datenschutz &#8211; Allgemeine Hinweise Nachfolgend m\u00f6chten wir Sie \u00fcber die Art, den Umfang und die Zwecke der Erhebung und Verwendung Ihrer personenbezogenen Daten auf unserer Webseite informieren. Wir behandeln personenbezogene Daten gem\u00e4\u00df dieser Datenschutzerkl\u00e4rung und der gesetzlichen Vorschriften grunds\u00e4tzlich vertraulich. Den Schutz Ihrer pers\u00f6nlichen Daten nehmen wir sehr ernst. Wenn &#8230;<\/p>\n","protected":false},"author":1,"featured_media":0,"parent":29,"menu_order":0,"comment_status":"closed","ping_status":"closed","template":"","meta":{"pgc_sgb_lightbox_settings":"","footnotes":""},"class_list":["post-739","page","type-page","status-publish","hentry","column","onecol"],"_links":{"self":[{"href":"https:\/\/www.tumaini-projekte.de\/index.php?rest_route=\/wp\/v2\/pages\/739","targetHints":{"allow":["GET"]}}],"collection":[{"href":"https:\/\/www.tumaini-projekte.de\/index.php?rest_route=\/wp\/v2\/pages"}],"about":[{"href":"https:\/\/www.tumaini-projekte.de\/index.php?rest_route=\/wp\/v2\/types\/page"}],"author":[{"embeddable":true,"href":"https:\/\/www.tumaini-projekte.de\/index.php?rest_route=\/wp\/v2\/users\/1"}],"replies":[{"embeddable":true,"href":"https:\/\/www.tumaini-projekte.de\/index.php?rest_route=%2Fwp%2Fv2%2Fcomments&post=739"}],"version-history":[{"count":4,"href":"https:\/\/www.tumaini-projekte.de\/index.php?rest_route=\/wp\/v2\/pages\/739\/revisions"}],"predecessor-version":[{"id":827,"href":"https:\/\/www.tumaini-projekte.de\/index.php?rest_route=\/wp\/v2\/pages\/739\/revisions\/827"}],"up":[{"embeddable":true,"href":"https:\/\/www.tumaini-projekte.de\/index.php?rest_route=\/wp\/v2\/pages\/29"}],"wp:attachment":[{"href":"https:\/\/www.tumaini-projekte.de\/index.php?rest_route=%2Fwp%2Fv2%2Fmedia&parent=739"}],"curies":[{"name":"wp","href":"https:\/\/api.w.org\/{rel}","templated":true}]}}