{"id":70,"date":"2013-03-28T23:14:02","date_gmt":"2013-03-28T22:14:02","guid":{"rendered":"http:\/\/www.tumaini-projekte.de\/?page_id=70"},"modified":"2025-04-28T20:16:03","modified_gmt":"2025-04-28T19:16:03","slug":"der-vorstand","status":"publish","type":"page","link":"https:\/\/www.tumaini-projekte.de\/?page_id=70","title":{"rendered":"Der Vorstand"},"content":{"rendered":"<p>Wir freuen uns, Sie an dieser Stelle n\u00e4her mit den Mitgliedern unseres Vereins-Vorstandes bekannt zu machen.<\/p>\n<p>Vorsitzende: Elena Bauer, Reichertshofen<br \/>\nStellvertreterin: Hedwig Eder, Rohrbach<br \/>\nSchriftf\u00fchrerin: Bettina G\u00f6tz, Rohrbach<br \/>\nSchatzmeisterin: Agnes Froschmeier, Ingolstadt<\/p>\n<p>Der Vorstand f\u00fchrt die Gesch\u00e4fte des Vereins im Rahmen der Satzung und f\u00fchrt die Beschl\u00fcsse der Mitgliederversammlung aus. Sie erreichen den Vorstand per Email unter vorstand@tumaini-projekte.de oder unter der Anschrift:<\/p>\n<p><em>Verein Freunde und F\u00f6rderer Tumaini-Projekte f\u00fcr Tansania e.V.,<\/em><br \/>\n<em>Lilienthalstra\u00dfe 10, D-85296 Rohrbach<\/em><br \/>\n<em>Telefon: +49 8442 96 39 188<\/em><\/p>\n","protected":false},"excerpt":{"rendered":"<p>Wir freuen uns, Sie an dieser Stelle n\u00e4her mit den Mitgliedern unseres Vereins-Vorstandes bekannt zu machen. Vorsitzende: Elena Bauer, Reichertshofen Stellvertreterin: Hedwig Eder, Rohrbach Schriftf\u00fchrerin: Bettina G\u00f6tz, Rohrbach Schatzmeisterin: Agnes Froschmeier, Ingolstadt Der Vorstand f\u00fchrt die Gesch\u00e4fte des Vereins im Rahmen der Satzung und f\u00fchrt die Beschl\u00fcsse der Mitgliederversammlung aus. &#8230;<\/p>\n","protected":false},"author":1,"featured_media":0,"parent":5,"menu_order":2,"comment_status":"closed","ping_status":"closed","template":"","meta":{"pgc_sgb_lightbox_settings":"","footnotes":""},"class_list":["post-70","page","type-page","status-publish","hentry","column","onecol"],"_links":{"self":[{"href":"https:\/\/www.tumaini-projekte.de\/index.php?rest_route=\/wp\/v2\/pages\/70","targetHints":{"allow":["GET"]}}],"collection":[{"href":"https:\/\/www.tumaini-projekte.de\/index.php?rest_route=\/wp\/v2\/pages"}],"about":[{"href":"https:\/\/www.tumaini-projekte.de\/index.php?rest_route=\/wp\/v2\/types\/page"}],"author":[{"embeddable":true,"href":"https:\/\/www.tumaini-projekte.de\/index.php?rest_route=\/wp\/v2\/users\/1"}],"replies":[{"embeddable":true,"href":"https:\/\/www.tumaini-projekte.de\/index.php?rest_route=%2Fwp%2Fv2%2Fcomments&post=70"}],"version-history":[{"count":14,"href":"https:\/\/www.tumaini-projekte.de\/index.php?rest_route=\/wp\/v2\/pages\/70\/revisions"}],"predecessor-version":[{"id":830,"href":"https:\/\/www.tumaini-projekte.de\/index.php?rest_route=\/wp\/v2\/pages\/70\/revisions\/830"}],"up":[{"embeddable":true,"href":"https:\/\/www.tumaini-projekte.de\/index.php?rest_route=\/wp\/v2\/pages\/5"}],"wp:attachment":[{"href":"https:\/\/www.tumaini-projekte.de\/index.php?rest_route=%2Fwp%2Fv2%2Fmedia&parent=70"}],"curies":[{"name":"wp","href":"https:\/\/api.w.org\/{rel}","templated":true}]}}