{"id":648,"date":"2020-05-01T16:24:29","date_gmt":"2020-05-01T15:24:29","guid":{"rendered":"https:\/\/www.tumaini-projekte.de\/?page_id=648"},"modified":"2020-07-15T21:39:56","modified_gmt":"2020-07-15T20:39:56","slug":"unsere-partner","status":"publish","type":"page","link":"https:\/\/www.tumaini-projekte.de\/?page_id=648","title":{"rendered":"Unsere Partner"},"content":{"rendered":"\n<p class=\"has-text-align-center\">Wir danken unseren Partner f\u00fcr ihre gro\u00dfherzige Unterst\u00fctzung!  <\/p>\n\n\n\n<figure class=\"wp-block-gallery columns-3 is-cropped wp-block-gallery-1 is-layout-flex wp-block-gallery-is-layout-flex\"><ul class=\"blocks-gallery-grid\"><li class=\"blocks-gallery-item\"><figure><img loading=\"lazy\" decoding=\"async\" width=\"698\" height=\"309\" src=\"https:\/\/www.tumaini-projekte.de\/wp-content\/uploads\/2020\/05\/IMG-20200424-WA0059.jpg\" alt=\"\" data-id=\"649\" data-link=\"https:\/\/www.tumaini-projekte.de\/?attachment_id=649\" class=\"wp-image-649\" srcset=\"https:\/\/www.tumaini-projekte.de\/wp-content\/uploads\/2020\/05\/IMG-20200424-WA0059.jpg 698w, https:\/\/www.tumaini-projekte.de\/wp-content\/uploads\/2020\/05\/IMG-20200424-WA0059-300x133.jpg 300w, https:\/\/www.tumaini-projekte.de\/wp-content\/uploads\/2020\/05\/IMG-20200424-WA0059-332x147.jpg 332w\" sizes=\"auto, (max-width: 698px) 100vw, 698px\" \/><figcaption class=\"blocks-gallery-item__caption\">Karosseriebau Wagner, Rohrbach a.d. Ilm, Deutschland<\/figcaption><\/figure><\/li><li class=\"blocks-gallery-item\"><figure><img loading=\"lazy\" decoding=\"async\" width=\"956\" height=\"300\" src=\"https:\/\/www.tumaini-projekte.de\/wp-content\/uploads\/2020\/05\/IMG-20200424-WA0068.jpg\" alt=\"\" data-id=\"645\" data-link=\"https:\/\/www.tumaini-projekte.de\/?attachment_id=645\" class=\"wp-image-645\" srcset=\"https:\/\/www.tumaini-projekte.de\/wp-content\/uploads\/2020\/05\/IMG-20200424-WA0068.jpg 956w, https:\/\/www.tumaini-projekte.de\/wp-content\/uploads\/2020\/05\/IMG-20200424-WA0068-300x94.jpg 300w, https:\/\/www.tumaini-projekte.de\/wp-content\/uploads\/2020\/05\/IMG-20200424-WA0068-768x241.jpg 768w, https:\/\/www.tumaini-projekte.de\/wp-content\/uploads\/2020\/05\/IMG-20200424-WA0068-700x220.jpg 700w, https:\/\/www.tumaini-projekte.de\/wp-content\/uploads\/2020\/05\/IMG-20200424-WA0068-332x104.jpg 332w\" sizes=\"auto, (max-width: 956px) 100vw, 956px\" \/><figcaption class=\"blocks-gallery-item__caption\">Diozese Bozen,<br>S\u00fcdtirol, Italien<\/figcaption><\/figure><\/li><li class=\"blocks-gallery-item\"><figure><img loading=\"lazy\" decoding=\"async\" width=\"396\" height=\"293\" src=\"https:\/\/www.tumaini-projekte.de\/wp-content\/uploads\/2020\/05\/IMG-20200424-WA0065.jpg\" alt=\"\" data-id=\"642\" data-link=\"https:\/\/www.tumaini-projekte.de\/?attachment_id=642\" class=\"wp-image-642\" srcset=\"https:\/\/www.tumaini-projekte.de\/wp-content\/uploads\/2020\/05\/IMG-20200424-WA0065.jpg 396w, https:\/\/www.tumaini-projekte.de\/wp-content\/uploads\/2020\/05\/IMG-20200424-WA0065-300x222.jpg 300w, https:\/\/www.tumaini-projekte.de\/wp-content\/uploads\/2020\/05\/IMG-20200424-WA0065-332x246.jpg 332w\" sizes=\"auto, (max-width: 396px) 100vw, 396px\" \/><figcaption class=\"blocks-gallery-item__caption\">Die Sternsinger, Kindermissionswerk<\/figcaption><\/figure><\/li><li class=\"blocks-gallery-item\"><figure><img loading=\"lazy\" decoding=\"async\" width=\"435\" height=\"368\" src=\"https:\/\/www.tumaini-projekte.de\/wp-content\/uploads\/2020\/05\/IMG-20200424-WA0064.jpg\" alt=\"\" data-id=\"641\" data-link=\"https:\/\/www.tumaini-projekte.de\/?attachment_id=641\" class=\"wp-image-641\" srcset=\"https:\/\/www.tumaini-projekte.de\/wp-content\/uploads\/2020\/05\/IMG-20200424-WA0064.jpg 435w, https:\/\/www.tumaini-projekte.de\/wp-content\/uploads\/2020\/05\/IMG-20200424-WA0064-300x254.jpg 300w, https:\/\/www.tumaini-projekte.de\/wp-content\/uploads\/2020\/05\/IMG-20200424-WA0064-332x281.jpg 332w\" sizes=\"auto, (max-width: 435px) 100vw, 435px\" \/><figcaption class=\"blocks-gallery-item__caption\">Pfarrei Stegen,<br>Gmd. Bruneck, S\u00fcdtirol, Italien<\/figcaption><\/figure><\/li><li class=\"blocks-gallery-item\"><figure><img loading=\"lazy\" decoding=\"async\" width=\"497\" height=\"454\" src=\"https:\/\/www.tumaini-projekte.de\/wp-content\/uploads\/2020\/05\/IMG-20200424-WA0063.jpg\" alt=\"\" data-id=\"640\" data-link=\"https:\/\/www.tumaini-projekte.de\/?attachment_id=640\" class=\"wp-image-640\" srcset=\"https:\/\/www.tumaini-projekte.de\/wp-content\/uploads\/2020\/05\/IMG-20200424-WA0063.jpg 497w, https:\/\/www.tumaini-projekte.de\/wp-content\/uploads\/2020\/05\/IMG-20200424-WA0063-300x274.jpg 300w, https:\/\/www.tumaini-projekte.de\/wp-content\/uploads\/2020\/05\/IMG-20200424-WA0063-332x303.jpg 332w\" sizes=\"auto, (max-width: 497px) 100vw, 497px\" \/><figcaption class=\"blocks-gallery-item__caption\">Astrid-Lindgren-Schule, Osterburken-Bofsheim, Baden-W\u00fcrttenberg, Deutschland<\/figcaption><\/figure><\/li><li class=\"blocks-gallery-item\"><figure><img loading=\"lazy\" decoding=\"async\" width=\"404\" height=\"338\" src=\"https:\/\/www.tumaini-projekte.de\/wp-content\/uploads\/2020\/05\/IMG-20200424-WA0062.jpg\" alt=\"\" data-id=\"639\" data-link=\"https:\/\/www.tumaini-projekte.de\/?attachment_id=639\" class=\"wp-image-639\" srcset=\"https:\/\/www.tumaini-projekte.de\/wp-content\/uploads\/2020\/05\/IMG-20200424-WA0062.jpg 404w, https:\/\/www.tumaini-projekte.de\/wp-content\/uploads\/2020\/05\/IMG-20200424-WA0062-300x251.jpg 300w, https:\/\/www.tumaini-projekte.de\/wp-content\/uploads\/2020\/05\/IMG-20200424-WA0062-332x278.jpg 332w\" sizes=\"auto, (max-width: 404px) 100vw, 404px\" \/><figcaption class=\"blocks-gallery-item__caption\">Gmd. St. Anton am Arlberg, Vorarlberg, \u00d6sterreich<\/figcaption><\/figure><\/li><li class=\"blocks-gallery-item\"><figure><img loading=\"lazy\" decoding=\"async\" width=\"724\" height=\"367\" src=\"https:\/\/www.tumaini-projekte.de\/wp-content\/uploads\/2020\/05\/IMG-20200424-WA0061.jpg\" alt=\"\" data-id=\"638\" data-link=\"https:\/\/www.tumaini-projekte.de\/?attachment_id=638\" class=\"wp-image-638\" srcset=\"https:\/\/www.tumaini-projekte.de\/wp-content\/uploads\/2020\/05\/IMG-20200424-WA0061.jpg 724w, https:\/\/www.tumaini-projekte.de\/wp-content\/uploads\/2020\/05\/IMG-20200424-WA0061-300x152.jpg 300w, https:\/\/www.tumaini-projekte.de\/wp-content\/uploads\/2020\/05\/IMG-20200424-WA0061-700x355.jpg 700w, https:\/\/www.tumaini-projekte.de\/wp-content\/uploads\/2020\/05\/IMG-20200424-WA0061-332x168.jpg 332w\" sizes=\"auto, (max-width: 724px) 100vw, 724px\" \/><figcaption class=\"blocks-gallery-item__caption\">Weltladen Walluf, Fachgesch\u00e4ft f\u00fcr Fairen Handel, Walluf, Deutschland<\/figcaption><\/figure><\/li><li class=\"blocks-gallery-item\"><figure><img loading=\"lazy\" decoding=\"async\" width=\"448\" height=\"541\" src=\"https:\/\/www.tumaini-projekte.de\/wp-content\/uploads\/2020\/05\/59.jpg\" alt=\"\" data-id=\"636\" data-link=\"https:\/\/www.tumaini-projekte.de\/?attachment_id=636\" class=\"wp-image-636\" srcset=\"https:\/\/www.tumaini-projekte.de\/wp-content\/uploads\/2020\/05\/59.jpg 448w, https:\/\/www.tumaini-projekte.de\/wp-content\/uploads\/2020\/05\/59-248x300.jpg 248w, https:\/\/www.tumaini-projekte.de\/wp-content\/uploads\/2020\/05\/59-332x401.jpg 332w\" sizes=\"auto, (max-width: 448px) 100vw, 448px\" \/><figcaption class=\"blocks-gallery-item__caption\">Pfarrgemeinde St. Blasius, Zuchering, Deutschland<\/figcaption><\/figure><\/li><li class=\"blocks-gallery-item\"><figure><img loading=\"lazy\" decoding=\"async\" width=\"350\" height=\"317\" src=\"https:\/\/www.tumaini-projekte.de\/wp-content\/uploads\/2020\/07\/Sinzheim-1.jpg\" alt=\"\" data-id=\"684\" data-full-url=\"https:\/\/www.tumaini-projekte.de\/wp-content\/uploads\/2020\/07\/Sinzheim-1.jpg\" data-link=\"https:\/\/www.tumaini-projekte.de\/?attachment_id=684\" class=\"wp-image-684\" srcset=\"https:\/\/www.tumaini-projekte.de\/wp-content\/uploads\/2020\/07\/Sinzheim-1.jpg 350w, https:\/\/www.tumaini-projekte.de\/wp-content\/uploads\/2020\/07\/Sinzheim-1-300x272.jpg 300w, https:\/\/www.tumaini-projekte.de\/wp-content\/uploads\/2020\/07\/Sinzheim-1-332x301.jpg 332w\" sizes=\"auto, (max-width: 350px) 100vw, 350px\" \/><figcaption class=\"blocks-gallery-item__caption\">Seelsorgeeinheit Sinzheim-H\u00fcgelsheim, Deutschland<\/figcaption><\/figure><\/li><li class=\"blocks-gallery-item\"><figure><img loading=\"lazy\" decoding=\"async\" width=\"665\" height=\"382\" src=\"https:\/\/www.tumaini-projekte.de\/wp-content\/uploads\/2020\/05\/IMG-20200424-WA0060-1.jpg\" alt=\"\" data-id=\"650\" data-link=\"https:\/\/www.tumaini-projekte.de\/?attachment_id=650\" class=\"wp-image-650\" srcset=\"https:\/\/www.tumaini-projekte.de\/wp-content\/uploads\/2020\/05\/IMG-20200424-WA0060-1.jpg 665w, https:\/\/www.tumaini-projekte.de\/wp-content\/uploads\/2020\/05\/IMG-20200424-WA0060-1-300x172.jpg 300w, https:\/\/www.tumaini-projekte.de\/wp-content\/uploads\/2020\/05\/IMG-20200424-WA0060-1-332x191.jpg 332w\" sizes=\"auto, (max-width: 665px) 100vw, 665px\" \/><\/figure><\/li><\/ul><\/figure>\n","protected":false},"excerpt":{"rendered":"<p>Wir danken unseren Partner f\u00fcr ihre gro\u00dfherzige Unterst\u00fctzung!<\/p>\n","protected":false},"author":1,"featured_media":637,"parent":5,"menu_order":4,"comment_status":"closed","ping_status":"closed","template":"","meta":{"pgc_sgb_lightbox_settings":"","footnotes":""},"class_list":["post-648","page","type-page","status-publish","has-post-thumbnail","hentry","column","onecol","has-thumbnail"],"_links":{"self":[{"href":"https:\/\/www.tumaini-projekte.de\/index.php?rest_route=\/wp\/v2\/pages\/648","targetHints":{"allow":["GET"]}}],"collection":[{"href":"https:\/\/www.tumaini-projekte.de\/index.php?rest_route=\/wp\/v2\/pages"}],"about":[{"href":"https:\/\/www.tumaini-projekte.de\/index.php?rest_route=\/wp\/v2\/types\/page"}],"author":[{"embeddable":true,"href":"https:\/\/www.tumaini-projekte.de\/index.php?rest_route=\/wp\/v2\/users\/1"}],"replies":[{"embeddable":true,"href":"https:\/\/www.tumaini-projekte.de\/index.php?rest_route=%2Fwp%2Fv2%2Fcomments&post=648"}],"version-history":[{"count":2,"href":"https:\/\/www.tumaini-projekte.de\/index.php?rest_route=\/wp\/v2\/pages\/648\/revisions"}],"predecessor-version":[{"id":685,"href":"https:\/\/www.tumaini-projekte.de\/index.php?rest_route=\/wp\/v2\/pages\/648\/revisions\/685"}],"up":[{"embeddable":true,"href":"https:\/\/www.tumaini-projekte.de\/index.php?rest_route=\/wp\/v2\/pages\/5"}],"wp:featuredmedia":[{"embeddable":true,"href":"https:\/\/www.tumaini-projekte.de\/index.php?rest_route=\/wp\/v2\/media\/637"}],"wp:attachment":[{"href":"https:\/\/www.tumaini-projekte.de\/index.php?rest_route=%2Fwp%2Fv2%2Fmedia&parent=648"}],"curies":[{"name":"wp","href":"https:\/\/api.w.org\/{rel}","templated":true}]}}