{"id":5,"date":"2013-03-28T18:01:48","date_gmt":"2013-03-28T17:01:48","guid":{"rendered":"http:\/\/www.tumaini-projekte.de\/?page_id=5"},"modified":"2017-06-20T18:41:50","modified_gmt":"2017-06-20T17:41:50","slug":"wir-uber-uns","status":"publish","type":"page","link":"https:\/\/www.tumaini-projekte.de\/?page_id=5","title":{"rendered":"Wir \u00fcber uns"},"content":{"rendered":"<figure id=\"attachment_139\" aria-describedby=\"caption-attachment-139\" style=\"width: 800px\" class=\"wp-caption alignnone\"><a href=\"http:\/\/www.tumaini-projekte.de\/wp-content\/uploads\/2013\/03\/Gr\u00fcndungsphoto_V2.jpg\"><img loading=\"lazy\" decoding=\"async\" class=\"size-full wp-image-139\" src=\"http:\/\/www.tumaini-projekte.de\/wp-content\/uploads\/2013\/03\/Gr\u00fcndungsphoto_V2.jpg\" alt=\"Gr\u00fcndungsmitglieder\" width=\"800\" height=\"259\" srcset=\"https:\/\/www.tumaini-projekte.de\/wp-content\/uploads\/2013\/03\/Gr\u00fcndungsphoto_V2.jpg 800w, https:\/\/www.tumaini-projekte.de\/wp-content\/uploads\/2013\/03\/Gr\u00fcndungsphoto_V2-300x97.jpg 300w, https:\/\/www.tumaini-projekte.de\/wp-content\/uploads\/2013\/03\/Gr\u00fcndungsphoto_V2-700x226.jpg 700w, https:\/\/www.tumaini-projekte.de\/wp-content\/uploads\/2013\/03\/Gr\u00fcndungsphoto_V2-332x107.jpg 332w\" sizes=\"auto, (max-width: 800px) 100vw, 800px\" \/><\/a><figcaption id=\"caption-attachment-139\" class=\"wp-caption-text\">Gr\u00fcndungsmitglieder<\/figcaption><\/figure>\n<p>Unser Verein hat es sich zum Ziel gesetzt, Menschen in Tansania zu unterst\u00fctzen. Dabei konzentrieren wir uns auf folgende Schwerpunkte:<\/p>\n<ul type=\"disc\">\n<li>Unterst\u00fctzung, Unterhaltung und Betrieb von Kindertagesst\u00e4tten, Kinderg\u00e4rten und Schulen<\/li>\n<li>soziale, p\u00e4dagogische und finanzielle Unterst\u00fctzung von Kindern und Jugendlichen in schwierigen Lebensumst\u00e4nden zur Verbesserung ihrer Start- und Lebensbedingungen<\/li>\n<li>F\u00f6rderung der pr\u00e4ventiven Gesundheitserziehung<\/li>\n<li>Ma\u00dfnahmen zur Bek\u00e4mpfung von AIIDS und Hepatitis<\/li>\n<li>Unterst\u00fctzubng von (AIDS- und Hepatitis-) Waisen und erforderlichenfalls deren Unterbringung in entsprechenden Betreuungseinrichtungen<\/li>\n<li>Hilfe f\u00fcr alte, kranke und behinderte Menschen<\/li>\n<li>F\u00f6rderung der Hilfe zur Selbsthilfe f\u00fcr Entwicklungsl\u00e4nder, vor allem im Bereich der Landwirtschaft.<\/li>\n<\/ul>\n<p>Wenn Sie unsere Ziele unterst\u00fctzen m\u00f6chten, w\u00fcrden wir uns \u00fcber Ihre Mitarbeit freuen. Selbstverst\u00e4ndlich freuen wir uns auch \u00fcber jede Spende (<strong>Spendenkonto bei der Sparkasse Pfaffenhofen, DE43 7215 1650 0009 1993 81 \/ BIC: BYLADEM1PAF<\/strong>).<\/p>\n","protected":false},"excerpt":{"rendered":"<p>Unser Verein hat es sich zum Ziel gesetzt, Menschen in Tansania zu unterst\u00fctzen. Dabei konzentrieren wir uns auf folgende Schwerpunkte: Unterst\u00fctzung, Unterhaltung und Betrieb von Kindertagesst\u00e4tten, Kinderg\u00e4rten und Schulen soziale, p\u00e4dagogische und finanzielle Unterst\u00fctzung von Kindern und Jugendlichen in schwierigen Lebensumst\u00e4nden zur Verbesserung ihrer Start- und Lebensbedingungen F\u00f6rderung der pr\u00e4ventiven &#8230;<\/p>\n","protected":false},"author":1,"featured_media":0,"parent":0,"menu_order":0,"comment_status":"closed","ping_status":"closed","template":"template-content-sidebar.php","meta":{"pgc_sgb_lightbox_settings":"","footnotes":""},"class_list":["post-5","page","type-page","status-publish","hentry","column","onecol"],"_links":{"self":[{"href":"https:\/\/www.tumaini-projekte.de\/index.php?rest_route=\/wp\/v2\/pages\/5","targetHints":{"allow":["GET"]}}],"collection":[{"href":"https:\/\/www.tumaini-projekte.de\/index.php?rest_route=\/wp\/v2\/pages"}],"about":[{"href":"https:\/\/www.tumaini-projekte.de\/index.php?rest_route=\/wp\/v2\/types\/page"}],"author":[{"embeddable":true,"href":"https:\/\/www.tumaini-projekte.de\/index.php?rest_route=\/wp\/v2\/users\/1"}],"replies":[{"embeddable":true,"href":"https:\/\/www.tumaini-projekte.de\/index.php?rest_route=%2Fwp%2Fv2%2Fcomments&post=5"}],"version-history":[{"count":19,"href":"https:\/\/www.tumaini-projekte.de\/index.php?rest_route=\/wp\/v2\/pages\/5\/revisions"}],"predecessor-version":[{"id":516,"href":"https:\/\/www.tumaini-projekte.de\/index.php?rest_route=\/wp\/v2\/pages\/5\/revisions\/516"}],"wp:attachment":[{"href":"https:\/\/www.tumaini-projekte.de\/index.php?rest_route=%2Fwp%2Fv2%2Fmedia&parent=5"}],"curies":[{"name":"wp","href":"https:\/\/api.w.org\/{rel}","templated":true}]}}