{"id":29,"date":"2013-03-28T17:56:06","date_gmt":"2013-03-28T16:56:06","guid":{"rendered":"http:\/\/www.tumaini-projekte.de\/?page_id=29"},"modified":"2025-04-28T19:54:18","modified_gmt":"2025-04-28T18:54:18","slug":"impressum","status":"publish","type":"page","link":"https:\/\/www.tumaini-projekte.de\/?page_id=29","title":{"rendered":"Impressum"},"content":{"rendered":"<p><strong>Name und Anschrift<\/strong>:<br \/>\nVerein Freunde und F\u00f6rderer Tumaini-Projekte f\u00fcr Tansania e.V.,<br \/>\nLilienthalstra\u00dfe 10, D-85296 Rohrbach<br \/>\nTelefon: +49 8442 96 39 188<br \/>\n<em id=\"__mceDel\"><em id=\"__mceDel\"><em id=\"__mceDel\"><em id=\"__mceDel\">Fax: +49 8442 96 39 20<br \/>\n<em id=\"__mceDel\"><em id=\"__mceDel\"><em id=\"__mceDel\"><em id=\"__mceDel\"><em id=\"__mceDel\">E-Mail: info@tumaini-projekte.de<\/em><\/em><\/em><\/em><\/em><\/em><\/em><\/em><\/em><\/p>\n<p><strong>Bankverbindung;<\/strong><br \/>\nSparkasse Pfaffenhofen<br \/>\nIBAN: DE43 7215 1650 0009 1993 81<\/p>\n<p>Vorstand: Elena Bauer, Lilienthalstra\u00dfe 10, D-85296 Rohrbach<\/p>\n<p>Registergericht: Pfaffenhofen a.d. Ilm<br \/>\n<em id=\"__mceDel\">Registernummer: VR200566<\/em><\/p>\n<p>Inhaltlich verantwortlich: Der Vorstand<\/p>\n<p><strong>Nutzungsbedingungen<\/strong><br \/>\nTexte, Bilder, Grafiken sowie die Gestaltung dieser Internetseiten unterliegen dem Urheberrecht. Sie d\u00fcrfen von Ihnen nur zum privaten und sonstigen eigenen Gebrauch im Rahmen des \u00a7 53 Urheberrechtsgesetz (UrhG) verwendet werden. Eine Vervielf\u00e4ltigung oder Verwendung dieser Seiten oder Teilen davon in anderen elektronischen oder gedruckten Publikationen und deren Ver\u00f6ffentlichung ist nur mit unserer Einwilligung gestattet.<\/p>\n<p><strong>Haftungsausschluss<\/strong><br \/>\nAlle auf dieser Internetseite bereitgestellten Informationen haben wir nach bestem Wissen und Gewissen erarbeitet und gepr\u00fcft. Eine Gew\u00e4hr f\u00fcr die jederzeitige Aktualit\u00e4t, Richtigkeit, Vollst\u00e4ndigkeit und Verf\u00fcgbarkeit der bereit gestellten Informationen k\u00f6nnen wir allerdings nicht \u00fcbernehmen. Ein Vertragsverh\u00e4ltnis mit den Nutzern des Internetangebots kommt nicht zustande.<\/p>\n<p>Wir haften nicht f\u00fcr Sch\u00e4den, die durch die Nutzung dieses Internetangebots entstehen. Dieser Haftungsausschluss gilt nicht, soweit die Vorschriften des \u00a7 839 BGB (Haftung bei Amtspflichtverletzung) einschl\u00e4gig sind. F\u00fcr etwaige Sch\u00e4den, die beim Aufrufen oder Herunterladen von Daten durch Schadsoftware oder der Installation oder Nutzung von Software verursacht werden, wird nicht gehaftet.<\/p>\n<p><strong>Links und Verweise (Disclaimer)<\/strong><br \/>\nVon unseren eigenen Inhalten sind Querverweise (\u201eLinks\u201c) auf die Webseiten anderer Anbieter zu unterscheiden. Durch diese Links erm\u00f6glichen wir lediglich den Zugang zur Nutzung fremder Inhalte nach \u00a7 8 Telemediengesetz. Bei der erstmaligen Verkn\u00fcpfung mit diesen Internetangeboten haben wir diese fremden Inhalte daraufhin \u00fcberpr\u00fcft, ob durch sie eine m\u00f6gliche zivilrechtliche oder strafrechtliche Verantwortlichkeit ausgel\u00f6st wird. Wir k\u00f6nnen diese fremden Inhalte aber nicht st\u00e4ndig auf Ver\u00e4nderungen \u00fcberpr\u00fcfen und daher auch keine Verantwortung daf\u00fcr \u00fcbernehmen. F\u00fcr illegale, fehlerhafte oder unvollst\u00e4ndige Inhalte und insbesondere f\u00fcr Sch\u00e4den, die aus der Nutzung oder Nichtnutzung von Informationen Dritter entstehen, haftet allein der jeweilige Anbieter der Seite.<\/p>\n<p><a href=\"https:\/\/www.tumaini-projekte.de\/?page_id=739\">Datenschutzhinweise<\/a><\/p>\n","protected":false},"excerpt":{"rendered":"<p>Name und Anschrift: Verein Freunde und F\u00f6rderer Tumaini-Projekte f\u00fcr Tansania e.V., Lilienthalstra\u00dfe 10, D-85296 Rohrbach Telefon: +49 8442 96 39 188 Fax: +49 8442 96 39 20 E-Mail: info@tumaini-projekte.de Bankverbindung; Sparkasse Pfaffenhofen IBAN: DE43 7215 1650 0009 1993 81 Vorstand: Elena Bauer, Lilienthalstra\u00dfe 10, D-85296 Rohrbach Registergericht: Pfaffenhofen a.d. Ilm &#8230;<\/p>\n","protected":false},"author":1,"featured_media":0,"parent":0,"menu_order":0,"comment_status":"closed","ping_status":"closed","template":"","meta":{"pgc_sgb_lightbox_settings":"","footnotes":""},"class_list":["post-29","page","type-page","status-publish","hentry","column","onecol"],"_links":{"self":[{"href":"https:\/\/www.tumaini-projekte.de\/index.php?rest_route=\/wp\/v2\/pages\/29","targetHints":{"allow":["GET"]}}],"collection":[{"href":"https:\/\/www.tumaini-projekte.de\/index.php?rest_route=\/wp\/v2\/pages"}],"about":[{"href":"https:\/\/www.tumaini-projekte.de\/index.php?rest_route=\/wp\/v2\/types\/page"}],"author":[{"embeddable":true,"href":"https:\/\/www.tumaini-projekte.de\/index.php?rest_route=\/wp\/v2\/users\/1"}],"replies":[{"embeddable":true,"href":"https:\/\/www.tumaini-projekte.de\/index.php?rest_route=%2Fwp%2Fv2%2Fcomments&post=29"}],"version-history":[{"count":10,"href":"https:\/\/www.tumaini-projekte.de\/index.php?rest_route=\/wp\/v2\/pages\/29\/revisions"}],"predecessor-version":[{"id":825,"href":"https:\/\/www.tumaini-projekte.de\/index.php?rest_route=\/wp\/v2\/pages\/29\/revisions\/825"}],"wp:attachment":[{"href":"https:\/\/www.tumaini-projekte.de\/index.php?rest_route=%2Fwp%2Fv2%2Fmedia&parent=29"}],"curies":[{"name":"wp","href":"https:\/\/api.w.org\/{rel}","templated":true}]}}