{"id":20,"date":"2013-03-28T17:37:58","date_gmt":"2013-03-28T16:37:58","guid":{"rendered":"http:\/\/www.tumaini-projekte.de\/?page_id=20"},"modified":"2021-08-04T21:28:12","modified_gmt":"2021-08-04T20:28:12","slug":"mitglied-werden","status":"publish","type":"page","link":"https:\/\/www.tumaini-projekte.de\/?page_id=20","title":{"rendered":"Mitglied werden"},"content":{"rendered":"<p>Unser Verein lebt von engagierten Menschen. Wir sind angewiesen auf aktive Mitglieder, die sich f\u00fcr unsere Ziele interessieren und begeistern. Wenn Sie Ihre Erfahrung, Ihr Wissen und K\u00f6nnen gerne einbringen m\u00f6chten, freuen wir uns \u00fcber Ihre Mitgliedschaft.<\/p>\n<p>Aktives Mitglied kann jede nat\u00fcrliche oder juristische Person werden. Selbstverst\u00e4ndlich sind wir auch dankbar f\u00fcr jede finanzielle Unterst\u00fctzung. Wenn Sie uns auf diesem Weg helfen wollen, unsere Ziele zu erreichen, k\u00f6nnen Sie F\u00f6rdermitglied werden.<\/p>\n<p><a href=\"..\/docs\/Beitrittsformular.pdf\" target=\"_blank\" rel=\"noopener\"><strong>Download Beitrittsformular<\/strong>.pdf<\/a><\/p>\n","protected":false},"excerpt":{"rendered":"<p>Unser Verein lebt von engagierten Menschen. Wir sind angewiesen auf aktive Mitglieder, die sich f\u00fcr unsere Ziele interessieren und begeistern. Wenn Sie Ihre Erfahrung, Ihr Wissen und K\u00f6nnen gerne einbringen m\u00f6chten, freuen wir uns \u00fcber Ihre Mitgliedschaft. Aktives Mitglied kann jede nat\u00fcrliche oder juristische Person werden. Selbstverst\u00e4ndlich sind wir auch &#8230;<\/p>\n","protected":false},"author":1,"featured_media":0,"parent":0,"menu_order":0,"comment_status":"closed","ping_status":"closed","template":"","meta":{"pgc_sgb_lightbox_settings":"","footnotes":""},"class_list":["post-20","page","type-page","status-publish","hentry","column","onecol"],"_links":{"self":[{"href":"https:\/\/www.tumaini-projekte.de\/index.php?rest_route=\/wp\/v2\/pages\/20","targetHints":{"allow":["GET"]}}],"collection":[{"href":"https:\/\/www.tumaini-projekte.de\/index.php?rest_route=\/wp\/v2\/pages"}],"about":[{"href":"https:\/\/www.tumaini-projekte.de\/index.php?rest_route=\/wp\/v2\/types\/page"}],"author":[{"embeddable":true,"href":"https:\/\/www.tumaini-projekte.de\/index.php?rest_route=\/wp\/v2\/users\/1"}],"replies":[{"embeddable":true,"href":"https:\/\/www.tumaini-projekte.de\/index.php?rest_route=%2Fwp%2Fv2%2Fcomments&post=20"}],"version-history":[{"count":16,"href":"https:\/\/www.tumaini-projekte.de\/index.php?rest_route=\/wp\/v2\/pages\/20\/revisions"}],"predecessor-version":[{"id":67,"href":"https:\/\/www.tumaini-projekte.de\/index.php?rest_route=\/wp\/v2\/pages\/20\/revisions\/67"}],"wp:attachment":[{"href":"https:\/\/www.tumaini-projekte.de\/index.php?rest_route=%2Fwp%2Fv2%2Fmedia&parent=20"}],"curies":[{"name":"wp","href":"https:\/\/api.w.org\/{rel}","templated":true}]}}