{"id":157,"date":"2013-03-29T17:22:35","date_gmt":"2013-03-29T16:22:35","guid":{"rendered":"http:\/\/www.tumaini-projekte.de\/?page_id=157"},"modified":"2025-04-27T10:42:21","modified_gmt":"2025-04-27T09:42:21","slug":"fotobuch","status":"publish","type":"page","link":"https:\/\/www.tumaini-projekte.de\/?page_id=157","title":{"rendered":"Fotobuch"},"content":{"rendered":"<p><a href=\"https:\/\/www.tumaini-projekte.de\/?page_id=785&amp;preview=true\">Ma\u00dfnahmen 2024<\/a><\/p>\n<p><a href=\"https:\/\/www.tumaini-projekte.de\/?post_type=pgc_simply_gallery&amp;p=742\">Msindo in 2022<\/a><\/p>\n<p><a href=\"https:\/\/www.tumaini-projekte.de\/?post_type=pgc_simply_gallery&amp;p=700\">Ma\u00dfnahmen 2021<\/a><\/p>\n<p><a href=\"https:\/\/www.tumaini-projekte.de\/?page_id=673\">Ma\u00dfnahmen 2020<\/a><\/p>\n<p><a href=\"http:\/\/www.tumaini-projekte.de\/?page_id=617\">Ma\u00dfnahmen 2019<\/a><\/p>\n<p><a href=\"http:\/\/www.tumaini-projekte.de\/?page_id=582\">Ma\u00dfnahmen 2018<\/a><\/p>\n<p><a href=\"http:\/\/www.tumaini-projekte.de\/?page_id=492\">Ma\u00dfnahmen 2017<\/a><\/p>\n<p><a href=\"http:\/\/www.tumaini-projekte.de\/?page_id=469\">Ma\u00dfnahmen 2016<\/a><\/p>\n<p><a href=\"http:\/\/www.tumaini-projekte.de\/?page_id=394\">St. Nicholas wird eingeweiht (Aug 2015)!<\/a><br \/>\n<a href=\"http:\/\/www.tumaini-projekte.de\/?page_id=340\"><br \/>\nMa\u00dfnahmen 2015<\/a><\/p>\n<p><a href=\"http:\/\/www.tumaini-projekte.de\/?page_id=342\">Ma\u00dfnahmen 2014<\/a><\/p>\n<p><a href=\"http:\/\/www.tumaini-projekte.de\/?page_id=344\">Ma\u00dfnahmen 2013<\/a><\/p>\n<p><a href=\"http:\/\/www.tumaini-projekte.de\/?page_id=193\">Msingo 2011<\/a><\/p>\n","protected":false},"excerpt":{"rendered":"<p>Ma\u00dfnahmen 2024 Msindo in 2022 Ma\u00dfnahmen 2021 Ma\u00dfnahmen 2020 Ma\u00dfnahmen 2019 Ma\u00dfnahmen 2018 Ma\u00dfnahmen 2017 Ma\u00dfnahmen 2016 St. Nicholas wird eingeweiht (Aug 2015)! Ma\u00dfnahmen 2015 Ma\u00dfnahmen 2014 Ma\u00dfnahmen 2013 Msingo 2011<\/p>\n","protected":false},"author":1,"featured_media":0,"parent":0,"menu_order":0,"comment_status":"closed","ping_status":"closed","template":"","meta":{"pgc_sgb_lightbox_settings":"","footnotes":""},"class_list":["post-157","page","type-page","status-publish","hentry","column","onecol"],"_links":{"self":[{"href":"https:\/\/www.tumaini-projekte.de\/index.php?rest_route=\/wp\/v2\/pages\/157","targetHints":{"allow":["GET"]}}],"collection":[{"href":"https:\/\/www.tumaini-projekte.de\/index.php?rest_route=\/wp\/v2\/pages"}],"about":[{"href":"https:\/\/www.tumaini-projekte.de\/index.php?rest_route=\/wp\/v2\/types\/page"}],"author":[{"embeddable":true,"href":"https:\/\/www.tumaini-projekte.de\/index.php?rest_route=\/wp\/v2\/users\/1"}],"replies":[{"embeddable":true,"href":"https:\/\/www.tumaini-projekte.de\/index.php?rest_route=%2Fwp%2Fv2%2Fcomments&post=157"}],"version-history":[{"count":19,"href":"https:\/\/www.tumaini-projekte.de\/index.php?rest_route=\/wp\/v2\/pages\/157\/revisions"}],"predecessor-version":[{"id":819,"href":"https:\/\/www.tumaini-projekte.de\/index.php?rest_route=\/wp\/v2\/pages\/157\/revisions\/819"}],"wp:attachment":[{"href":"https:\/\/www.tumaini-projekte.de\/index.php?rest_route=%2Fwp%2Fv2%2Fmedia&parent=157"}],"curies":[{"name":"wp","href":"https:\/\/api.w.org\/{rel}","templated":true}]}}