{"id":107,"date":"2013-03-28T23:59:10","date_gmt":"2013-03-28T22:59:10","guid":{"rendered":"http:\/\/www.tumaini-projekte.de\/?page_id=107"},"modified":"2015-06-21T16:07:55","modified_gmt":"2015-06-21T15:07:55","slug":"willkommen","status":"publish","type":"page","link":"https:\/\/www.tumaini-projekte.de\/?page_id=107","title":{"rendered":"Willkommen"},"content":{"rendered":"<p>Der Verein &#8222;Freunde und F\u00f6rderer Tumaini-Projekte f\u00fcr Tansania e.V.&#8220; unterst\u00fctzt den Aufbau und Betrieb von Projekten in Tansania. Schwerpunkt der Unterst\u00fctzung sind die F\u00f6rderung von Erziehung, Schulbildung und Berufsbildung von Jugendlichen und Kindern.<\/p>\n<p>Die Vorhaben konzentrieren sich derzeit auf Msindo. Es liegt in der<a href=\"https:\/\/www.google.de\/maps\/@-10.7597864,35.4539762,250831m\/data=!3m1!1e3\"> Provinz Songea<\/a> im S\u00fcdwesten Tansanias und ist die Heimat unseres Freundes Tumaini\u00a0Ngonyani.<\/p>\n","protected":false},"excerpt":{"rendered":"<p>Der Verein &#8222;Freunde und F\u00f6rderer Tumaini-Projekte f\u00fcr Tansania e.V.&#8220; unterst\u00fctzt den Aufbau und Betrieb von Projekten in Tansania. Schwerpunkt der Unterst\u00fctzung sind die F\u00f6rderung von Erziehung, Schulbildung und Berufsbildung von Jugendlichen und Kindern. Die Vorhaben konzentrieren sich derzeit auf Msindo. Es liegt in der Provinz Songea im S\u00fcdwesten Tansanias und &#8230;<\/p>\n","protected":false},"author":1,"featured_media":0,"parent":0,"menu_order":0,"comment_status":"closed","ping_status":"closed","template":"template-landing-page.php","meta":{"pgc_sgb_lightbox_settings":"","footnotes":""},"class_list":["post-107","page","type-page","status-publish","hentry","column","onecol"],"_links":{"self":[{"href":"https:\/\/www.tumaini-projekte.de\/index.php?rest_route=\/wp\/v2\/pages\/107","targetHints":{"allow":["GET"]}}],"collection":[{"href":"https:\/\/www.tumaini-projekte.de\/index.php?rest_route=\/wp\/v2\/pages"}],"about":[{"href":"https:\/\/www.tumaini-projekte.de\/index.php?rest_route=\/wp\/v2\/types\/page"}],"author":[{"embeddable":true,"href":"https:\/\/www.tumaini-projekte.de\/index.php?rest_route=\/wp\/v2\/users\/1"}],"replies":[{"embeddable":true,"href":"https:\/\/www.tumaini-projekte.de\/index.php?rest_route=%2Fwp%2Fv2%2Fcomments&post=107"}],"version-history":[{"count":10,"href":"https:\/\/www.tumaini-projekte.de\/index.php?rest_route=\/wp\/v2\/pages\/107\/revisions"}],"predecessor-version":[{"id":632,"href":"https:\/\/www.tumaini-projekte.de\/index.php?rest_route=\/wp\/v2\/pages\/107\/revisions\/632"}],"wp:attachment":[{"href":"https:\/\/www.tumaini-projekte.de\/index.php?rest_route=%2Fwp%2Fv2%2Fmedia&parent=107"}],"curies":[{"name":"wp","href":"https:\/\/api.w.org\/{rel}","templated":true}]}}